{"id":35357,"date":"2026-04-09T18:01:21","date_gmt":"2026-04-09T21:01:21","guid":{"rendered":"https:\/\/saltacom.com\/index.php\/producto\/disco-ssd-m-2-kingston-fury-renegade-1000-gb-nvme-gen5-pcie-5-0-9481\/"},"modified":"2026-04-10T08:19:30","modified_gmt":"2026-04-10T11:19:30","slug":"disco-ssd-m-2-kingston-fury-renegade-1000-gb-nvme-gen5-pcie-5-0-9481","status":"publish","type":"product","link":"https:\/\/saltacom.com\/index.php\/producto\/disco-ssd-m-2-kingston-fury-renegade-1000-gb-nvme-gen5-pcie-5-0-9481\/","title":{"rendered":"Disco SSD M.2 KINGSTON FURY RENEGADE 1000 GB NVMe GEN5  PCIe 5.0 (9481)"},"content":{"rendered":"<p>La unidad SSD M.2 Kingston FURY&trade; Renegade G5 NVMe PCIe 5.0 est\u00e1 dise\u00f1ada para superusuarios, entusiastas del hardware y jugadores listos para el \u00faltimo rendimiento Gen 5&#215;4.<br \/>\nM\u00e1s informaci\u00f3n: SFYR2S\/1T0<\/p>\n","protected":false},"excerpt":{"rendered":"<p>La unidad SSD M.2 Kingston FURY&trade; Renegade G5 NVMe PCIe 5.0 est\u00e1 dise\u00f1ada para superusuarios, entusiastas del hardware y jugadores listos para el \u00faltimo rendimiento Gen 5&#215;4. M\u00e1s informaci\u00f3n: SFYR2S\/1T0<\/p>\n","protected":false},"featured_media":35358,"template":"","meta":[],"product_brand":[],"product_cat":[76,130],"product_tag":[],"class_list":{"0":"post-35357","1":"product","2":"type-product","3":"status-publish","4":"has-post-thumbnail","6":"product_cat-discos","7":"product_cat-pv","9":"first","10":"instock","11":"shipping-taxable","12":"purchasable","13":"product-type-simple"},"_links":{"self":[{"href":"https:\/\/saltacom.com\/index.php\/wp-json\/wp\/v2\/product\/35357","targetHints":{"allow":["GET"]}}],"collection":[{"href":"https:\/\/saltacom.com\/index.php\/wp-json\/wp\/v2\/product"}],"about":[{"href":"https:\/\/saltacom.com\/index.php\/wp-json\/wp\/v2\/types\/product"}],"version-history":[{"count":1,"href":"https:\/\/saltacom.com\/index.php\/wp-json\/wp\/v2\/product\/35357\/revisions"}],"predecessor-version":[{"id":35433,"href":"https:\/\/saltacom.com\/index.php\/wp-json\/wp\/v2\/product\/35357\/revisions\/35433"}],"wp:featuredmedia":[{"embeddable":true,"href":"https:\/\/saltacom.com\/index.php\/wp-json\/wp\/v2\/media\/35358"}],"wp:attachment":[{"href":"https:\/\/saltacom.com\/index.php\/wp-json\/wp\/v2\/media?parent=35357"}],"wp:term":[{"taxonomy":"product_brand","embeddable":true,"href":"https:\/\/saltacom.com\/index.php\/wp-json\/wp\/v2\/product_brand?post=35357"},{"taxonomy":"product_cat","embeddable":true,"href":"https:\/\/saltacom.com\/index.php\/wp-json\/wp\/v2\/product_cat?post=35357"},{"taxonomy":"product_tag","embeddable":true,"href":"https:\/\/saltacom.com\/index.php\/wp-json\/wp\/v2\/product_tag?post=35357"}],"curies":[{"name":"wp","href":"https:\/\/api.w.org\/{rel}","templated":true}]}}