{"id":35359,"date":"2026-04-09T18:01:37","date_gmt":"2026-04-09T21:01:37","guid":{"rendered":"https:\/\/saltacom.com\/index.php\/producto\/gabinete-tt-the-tower-600-mid-tower-tg-x3-fan-x2-bubble-pink-8579\/"},"modified":"2026-04-10T06:19:41","modified_gmt":"2026-04-10T09:19:41","slug":"gabinete-tt-the-tower-600-mid-tower-tg-x3-fan-x2-bubble-pink-8579","status":"publish","type":"product","link":"https:\/\/saltacom.com\/index.php\/producto\/gabinete-tt-the-tower-600-mid-tower-tg-x3-fan-x2-bubble-pink-8579\/","title":{"rendered":"Gabinete TT The Tower 600 Mid-Tower TG x3 Fan x2 Bubble Pink (8579)"},"content":{"rendered":"<p>La Tower 600 Bubble Pink es una caja ATX con un dise\u00f1o vertical cl\u00e1sico y forma de prisma octogonal, compatible con las placas base m\u00e1s recientes con conectores ocultos. Admite un radiador AIO de hasta 420 mm en el lado derecho y uno de 360 mm en el izquierdo, y puede alojar hasta trece ventiladores de 120 mm o nueve de 140 mm.<br \/>\nM\u00e1s informaci\u00f3n:\u00a0CA-1Z1-00MAWN-00<\/p>\n","protected":false},"excerpt":{"rendered":"<p>La Tower 600 Bubble Pink es una caja ATX con un dise\u00f1o vertical cl\u00e1sico y forma de prisma octogonal, compatible con las placas base m\u00e1s recientes con conectores ocultos. Admite un radiador\u2026<\/p>\n","protected":false},"featured_media":35360,"template":"","meta":[],"product_brand":[],"product_cat":[100,130],"product_tag":[],"class_list":{"0":"post-35359","1":"product","2":"type-product","3":"status-publish","4":"has-post-thumbnail","6":"product_cat-gabinete","7":"product_cat-pv","9":"first","10":"instock","11":"shipping-taxable","12":"purchasable","13":"product-type-simple"},"_links":{"self":[{"href":"https:\/\/saltacom.com\/index.php\/wp-json\/wp\/v2\/product\/35359","targetHints":{"allow":["GET"]}}],"collection":[{"href":"https:\/\/saltacom.com\/index.php\/wp-json\/wp\/v2\/product"}],"about":[{"href":"https:\/\/saltacom.com\/index.php\/wp-json\/wp\/v2\/types\/product"}],"version-history":[{"count":1,"href":"https:\/\/saltacom.com\/index.php\/wp-json\/wp\/v2\/product\/35359\/revisions"}],"predecessor-version":[{"id":35434,"href":"https:\/\/saltacom.com\/index.php\/wp-json\/wp\/v2\/product\/35359\/revisions\/35434"}],"wp:featuredmedia":[{"embeddable":true,"href":"https:\/\/saltacom.com\/index.php\/wp-json\/wp\/v2\/media\/35360"}],"wp:attachment":[{"href":"https:\/\/saltacom.com\/index.php\/wp-json\/wp\/v2\/media?parent=35359"}],"wp:term":[{"taxonomy":"product_brand","embeddable":true,"href":"https:\/\/saltacom.com\/index.php\/wp-json\/wp\/v2\/product_brand?post=35359"},{"taxonomy":"product_cat","embeddable":true,"href":"https:\/\/saltacom.com\/index.php\/wp-json\/wp\/v2\/product_cat?post=35359"},{"taxonomy":"product_tag","embeddable":true,"href":"https:\/\/saltacom.com\/index.php\/wp-json\/wp\/v2\/product_tag?post=35359"}],"curies":[{"name":"wp","href":"https:\/\/api.w.org\/{rel}","templated":true}]}}