{"id":35363,"date":"2026-04-09T18:01:42","date_gmt":"2026-04-09T21:01:42","guid":{"rendered":"https:\/\/saltacom.com\/index.php\/producto\/auricular-jbl-tour-one-m3-inalambrico-premium-anc-arena-0940\/"},"modified":"2026-04-10T06:19:41","modified_gmt":"2026-04-10T09:19:41","slug":"auricular-jbl-tour-one-m3-inalambrico-premium-anc-arena-0940","status":"publish","type":"product","link":"https:\/\/saltacom.com\/index.php\/producto\/auricular-jbl-tour-one-m3-inalambrico-premium-anc-arena-0940\/","title":{"rendered":"AURICULAR JBL TOUR ONE M3 INALAMBRICO PREMIUM ANC ARENA (0940)"},"content":{"rendered":"<p>Capturan los ruidos ambientales a tu alrededor en tiempo real y los cancelan autom\u00e1ticamente invirtiendo su fase, para que apenas escuches nada m\u00e1s que tu m\u00fasica.<br \/>\nM\u00e1s informaci\u00f3n:\u00a0JBLTOURONEM3LTTAM<\/p>\n","protected":false},"excerpt":{"rendered":"<p>Capturan los ruidos ambientales a tu alrededor en tiempo real y los cancelan autom\u00e1ticamente invirtiendo su fase, para que apenas escuches nada m\u00e1s que tu m\u00fasica. M\u00e1s informaci\u00f3n:\u00a0JBLTOURONEM3LTTAM<\/p>\n","protected":false},"featured_media":35364,"template":"","meta":[],"product_brand":[],"product_cat":[81,130],"product_tag":[],"class_list":{"0":"post-35363","1":"product","2":"type-product","3":"status-publish","4":"has-post-thumbnail","6":"product_cat-auricular","7":"product_cat-pv","9":"first","10":"instock","11":"shipping-taxable","12":"purchasable","13":"product-type-simple"},"_links":{"self":[{"href":"https:\/\/saltacom.com\/index.php\/wp-json\/wp\/v2\/product\/35363","targetHints":{"allow":["GET"]}}],"collection":[{"href":"https:\/\/saltacom.com\/index.php\/wp-json\/wp\/v2\/product"}],"about":[{"href":"https:\/\/saltacom.com\/index.php\/wp-json\/wp\/v2\/types\/product"}],"version-history":[{"count":1,"href":"https:\/\/saltacom.com\/index.php\/wp-json\/wp\/v2\/product\/35363\/revisions"}],"predecessor-version":[{"id":35436,"href":"https:\/\/saltacom.com\/index.php\/wp-json\/wp\/v2\/product\/35363\/revisions\/35436"}],"wp:featuredmedia":[{"embeddable":true,"href":"https:\/\/saltacom.com\/index.php\/wp-json\/wp\/v2\/media\/35364"}],"wp:attachment":[{"href":"https:\/\/saltacom.com\/index.php\/wp-json\/wp\/v2\/media?parent=35363"}],"wp:term":[{"taxonomy":"product_brand","embeddable":true,"href":"https:\/\/saltacom.com\/index.php\/wp-json\/wp\/v2\/product_brand?post=35363"},{"taxonomy":"product_cat","embeddable":true,"href":"https:\/\/saltacom.com\/index.php\/wp-json\/wp\/v2\/product_cat?post=35363"},{"taxonomy":"product_tag","embeddable":true,"href":"https:\/\/saltacom.com\/index.php\/wp-json\/wp\/v2\/product_tag?post=35363"}],"curies":[{"name":"wp","href":"https:\/\/api.w.org\/{rel}","templated":true}]}}