{"id":35365,"date":"2026-04-09T18:01:45","date_gmt":"2026-04-09T21:01:45","guid":{"rendered":"https:\/\/saltacom.com\/index.php\/producto\/water-cooling-corsair-icue-link-titan-240-rx-lcd-2x-cpu-cooler-240mm-black-2949\/"},"modified":"2026-04-10T06:19:42","modified_gmt":"2026-04-10T09:19:42","slug":"water-cooling-corsair-icue-link-titan-240-rx-lcd-2x-cpu-cooler-240mm-black-2949","status":"publish","type":"product","link":"https:\/\/saltacom.com\/index.php\/producto\/water-cooling-corsair-icue-link-titan-240-rx-lcd-2x-cpu-cooler-240mm-black-2949\/","title":{"rendered":"Water Cooling Corsair iCUE LINK TITAN 240 RX LCD 2x CPU Cooler 240mm Black (2949)"},"content":{"rendered":"<p>La pantalla LCD personalizable muestra temperaturas del sistema, im\u00e1genes y GIF animados.<\/p>\n<p>Motor de refrigeraci\u00f3n FlowDrive con motor trif\u00e1sico para una m\u00e1xima eficiencia t\u00e9rmica.<\/p>\n<p>Dos ventiladores RX120 RGB de alto rendimiento.<\/p>\n<p>Compatibilidad total con los z\u00f3calos Intel LGA 1851 y AMD AM5.<\/p>\n<p>M\u00e1s informaci\u00f3n:\u00a0CW-9061022-WW<\/p>\n","protected":false},"excerpt":{"rendered":"<p>La pantalla LCD personalizable muestra temperaturas del sistema, im\u00e1genes y GIF animados. Motor de refrigeraci\u00f3n FlowDrive con motor trif\u00e1sico para una m\u00e1xima eficiencia t\u00e9rmica. Dos ventiladores RX120 RGB de alto rendimiento. Compatibilidad\u2026<\/p>\n","protected":false},"featured_media":35366,"template":"","meta":[],"product_brand":[],"product_cat":[91,130,141],"product_tag":[],"class_list":{"0":"post-35365","1":"product","2":"type-product","3":"status-publish","4":"has-post-thumbnail","6":"product_cat-cooler","7":"product_cat-pv","8":"product_cat-refrigeracion-liquida","10":"first","11":"instock","12":"shipping-taxable","13":"purchasable","14":"product-type-simple"},"_links":{"self":[{"href":"https:\/\/saltacom.com\/index.php\/wp-json\/wp\/v2\/product\/35365","targetHints":{"allow":["GET"]}}],"collection":[{"href":"https:\/\/saltacom.com\/index.php\/wp-json\/wp\/v2\/product"}],"about":[{"href":"https:\/\/saltacom.com\/index.php\/wp-json\/wp\/v2\/types\/product"}],"version-history":[{"count":1,"href":"https:\/\/saltacom.com\/index.php\/wp-json\/wp\/v2\/product\/35365\/revisions"}],"predecessor-version":[{"id":35437,"href":"https:\/\/saltacom.com\/index.php\/wp-json\/wp\/v2\/product\/35365\/revisions\/35437"}],"wp:featuredmedia":[{"embeddable":true,"href":"https:\/\/saltacom.com\/index.php\/wp-json\/wp\/v2\/media\/35366"}],"wp:attachment":[{"href":"https:\/\/saltacom.com\/index.php\/wp-json\/wp\/v2\/media?parent=35365"}],"wp:term":[{"taxonomy":"product_brand","embeddable":true,"href":"https:\/\/saltacom.com\/index.php\/wp-json\/wp\/v2\/product_brand?post=35365"},{"taxonomy":"product_cat","embeddable":true,"href":"https:\/\/saltacom.com\/index.php\/wp-json\/wp\/v2\/product_cat?post=35365"},{"taxonomy":"product_tag","embeddable":true,"href":"https:\/\/saltacom.com\/index.php\/wp-json\/wp\/v2\/product_tag?post=35365"}],"curies":[{"name":"wp","href":"https:\/\/api.w.org\/{rel}","templated":true}]}}