{"id":35367,"date":"2026-04-09T18:01:47","date_gmt":"2026-04-09T21:01:47","guid":{"rendered":"https:\/\/saltacom.com\/index.php\/producto\/gabinete-tt-cte-550-mid-tower-tg-x3-snow-7077\/"},"modified":"2026-04-10T04:19:26","modified_gmt":"2026-04-10T07:19:26","slug":"gabinete-tt-cte-550-mid-tower-tg-x3-snow-7077","status":"publish","type":"product","link":"https:\/\/saltacom.com\/index.php\/producto\/gabinete-tt-cte-550-mid-tower-tg-x3-snow-7077\/","title":{"rendered":"Gabinete TT CTE 550 Mid-Tower TG x3 Snow (7077)"},"content":{"rendered":"<p>Dise\u00f1ado para una visualizaci\u00f3n excepcional, el CTE E550 TG Snow es un chasis semitorre de doble c\u00e1mara con tres paneles TG que permite a los usuarios exhibir sus componentes con estilo. Es compatible con las placas base con conectores ocultos m\u00e1s recientes y ofrece la opci\u00f3n de instalar la GPU en tres posiciones, combinando a la perfecci\u00f3n est\u00e9tica y compatibilidad.<br \/>\nM\u00e1s informaci\u00f3n:\u00a0CA-1Z8-00M6WN-00<\/p>\n","protected":false},"excerpt":{"rendered":"<p>Dise\u00f1ado para una visualizaci\u00f3n excepcional, el CTE E550 TG Snow es un chasis semitorre de doble c\u00e1mara con tres paneles TG que permite a los usuarios exhibir sus componentes con estilo. Es\u2026<\/p>\n","protected":false},"featured_media":35368,"template":"","meta":[],"product_brand":[],"product_cat":[100,130],"product_tag":[],"class_list":{"0":"post-35367","1":"product","2":"type-product","3":"status-publish","4":"has-post-thumbnail","6":"product_cat-gabinete","7":"product_cat-pv","9":"first","10":"instock","11":"shipping-taxable","12":"purchasable","13":"product-type-simple"},"_links":{"self":[{"href":"https:\/\/saltacom.com\/index.php\/wp-json\/wp\/v2\/product\/35367","targetHints":{"allow":["GET"]}}],"collection":[{"href":"https:\/\/saltacom.com\/index.php\/wp-json\/wp\/v2\/product"}],"about":[{"href":"https:\/\/saltacom.com\/index.php\/wp-json\/wp\/v2\/types\/product"}],"version-history":[{"count":1,"href":"https:\/\/saltacom.com\/index.php\/wp-json\/wp\/v2\/product\/35367\/revisions"}],"predecessor-version":[{"id":35438,"href":"https:\/\/saltacom.com\/index.php\/wp-json\/wp\/v2\/product\/35367\/revisions\/35438"}],"wp:featuredmedia":[{"embeddable":true,"href":"https:\/\/saltacom.com\/index.php\/wp-json\/wp\/v2\/media\/35368"}],"wp:attachment":[{"href":"https:\/\/saltacom.com\/index.php\/wp-json\/wp\/v2\/media?parent=35367"}],"wp:term":[{"taxonomy":"product_brand","embeddable":true,"href":"https:\/\/saltacom.com\/index.php\/wp-json\/wp\/v2\/product_brand?post=35367"},{"taxonomy":"product_cat","embeddable":true,"href":"https:\/\/saltacom.com\/index.php\/wp-json\/wp\/v2\/product_cat?post=35367"},{"taxonomy":"product_tag","embeddable":true,"href":"https:\/\/saltacom.com\/index.php\/wp-json\/wp\/v2\/product_tag?post=35367"}],"curies":[{"name":"wp","href":"https:\/\/api.w.org\/{rel}","templated":true}]}}