{"id":35369,"date":"2026-04-09T18:01:49","date_gmt":"2026-04-09T21:01:49","guid":{"rendered":"https:\/\/saltacom.com\/index.php\/producto\/vga-sapphire-radeon-rx-9070-pulse-16gb-gddr6-5971\/"},"modified":"2026-04-10T04:19:27","modified_gmt":"2026-04-10T07:19:27","slug":"vga-sapphire-radeon-rx-9070-pulse-16gb-gddr6-5971","status":"publish","type":"product","link":"https:\/\/saltacom.com\/index.php\/producto\/vga-sapphire-radeon-rx-9070-pulse-16gb-gddr6-5971\/","title":{"rendered":"VGA Sapphire Radeon RX 9070 PULSE 16GB GDDR6 (5971)"},"content":{"rendered":"<p>Las SAPPHIRE PULSE AMD Radeon&trade; Serie RX 9070 est\u00e1n dise\u00f1adas con alimentaci\u00f3n digital, lo que proporciona un control de energ\u00eda preciso y una excelente eficiencia energ\u00e9tica.<\/p>\n<p>Para proteger tu tarjeta, las tarjetas SAPPHIRE cuentan con protecci\u00f3n mediante fusible incorporada en el circuito del conector de alimentaci\u00f3n PCI-E externo, lo que ayuda a mantener seguros los componentes.<\/p>\n<p>M\u00e1s informaci\u00f3n:\u00a011349-03-20G<\/p>\n","protected":false},"excerpt":{"rendered":"<p>Las SAPPHIRE PULSE AMD Radeon&trade; Serie RX 9070 est\u00e1n dise\u00f1adas con alimentaci\u00f3n digital, lo que proporciona un control de energ\u00eda preciso y una excelente eficiencia energ\u00e9tica. Para proteger tu tarjeta, las tarjetas\u2026<\/p>\n","protected":false},"featured_media":35370,"template":"","meta":[],"product_brand":[],"product_cat":[126,130],"product_tag":[],"class_list":{"0":"post-35369","1":"product","2":"type-product","3":"status-publish","4":"has-post-thumbnail","6":"product_cat-placa-de-video","7":"product_cat-pv","9":"first","10":"instock","11":"shipping-taxable","12":"purchasable","13":"product-type-simple"},"_links":{"self":[{"href":"https:\/\/saltacom.com\/index.php\/wp-json\/wp\/v2\/product\/35369","targetHints":{"allow":["GET"]}}],"collection":[{"href":"https:\/\/saltacom.com\/index.php\/wp-json\/wp\/v2\/product"}],"about":[{"href":"https:\/\/saltacom.com\/index.php\/wp-json\/wp\/v2\/types\/product"}],"version-history":[{"count":1,"href":"https:\/\/saltacom.com\/index.php\/wp-json\/wp\/v2\/product\/35369\/revisions"}],"predecessor-version":[{"id":35439,"href":"https:\/\/saltacom.com\/index.php\/wp-json\/wp\/v2\/product\/35369\/revisions\/35439"}],"wp:featuredmedia":[{"embeddable":true,"href":"https:\/\/saltacom.com\/index.php\/wp-json\/wp\/v2\/media\/35370"}],"wp:attachment":[{"href":"https:\/\/saltacom.com\/index.php\/wp-json\/wp\/v2\/media?parent=35369"}],"wp:term":[{"taxonomy":"product_brand","embeddable":true,"href":"https:\/\/saltacom.com\/index.php\/wp-json\/wp\/v2\/product_brand?post=35369"},{"taxonomy":"product_cat","embeddable":true,"href":"https:\/\/saltacom.com\/index.php\/wp-json\/wp\/v2\/product_cat?post=35369"},{"taxonomy":"product_tag","embeddable":true,"href":"https:\/\/saltacom.com\/index.php\/wp-json\/wp\/v2\/product_tag?post=35369"}],"curies":[{"name":"wp","href":"https:\/\/api.w.org\/{rel}","templated":true}]}}