{"id":35377,"date":"2026-04-09T18:06:47","date_gmt":"2026-04-09T21:06:47","guid":{"rendered":"https:\/\/saltacom.com\/index.php\/producto\/ssd-m-2-nvme-1tb-g4-kingston-fury\/"},"modified":"2026-04-10T12:06:58","modified_gmt":"2026-04-10T15:06:58","slug":"ssd-m-2-nvme-1tb-g4-kingston-fury","status":"publish","type":"product","link":"https:\/\/saltacom.com\/index.php\/producto\/ssd-m-2-nvme-1tb-g4-kingston-fury\/","title":{"rendered":"SSD M.2 NVME 1TB G4 KINGSTON FURY"},"content":{"rendered":"<p>Factor de formatM.2 2280rnInterfaztPCIe 4.0 NVMernCapacidades2t500GB, 1TB, 2TB, 4TBrnControladortPhison E18rnNANDt3D TLCrnVelocidad secuencial Lectura\/Escritura1t500GB u2013 7,300\/3,900MB\/segrn1TB u2013 7.300\/6.000MB\/segrn2TB u2013 7,300\/7,000MB\/segrn4TB u2013 7,300\/7,000MB\/segrnTasa aleatoria sostenida de lectura\/escritura de 4k1t500GB u2013 hasta 450,000\/900,000 IOPSrn1TB u2013 hasta 900,000\/1,000,000 IOPSrn2TB u2013 hasta 1,000,000\/1,000,000 IOPSrn4TB u2013 hasta 1,000,000\/1,000,000 IOPSrnTotal de Bytes escritos (TBW)3t500GB u2013 500TBWrn1TB u2013 1.0PBWrn2TB u2013 2.0PBWrn4TB u2013 4.0PBWrnConsumo de energu00edat500GB u2013 5mW Idle \/ 0.34W Avg \/ 2.7W (Mu00c1X) Lectura \/ 4.1W (Mu00c1X) Escriturarn1TB u2013 5mW Idle \/ 0.33W Avg \/ 2.8W (Mu00c1X) Lectura \/ 6.3W (Mu00c1X) Escriturarn2TB u2013 5mW Idle \/ 0.36W Avg \/ 2.8W (Mu00c1X) Lectura \/ 9.9W (Mu00c1X) Escriturarn4TB u2013 5mW Idle \/ 0.36W Avg \/ 2.7W (Mu00c1X) Lectura \/ 10.2W (Mu00c1X) EscriturarnTemperatura de almacenamientot40 a 85 u00b0CrnTemperaturas de operaciu00f3nt0 a 70u00b0CrnDimensionest80mm x 22mm x 2.21mm (500GB-1TB)rn80mm x 22mm x 3.5mm (2TB-4TB)rnPesot500GB-1TB u2013 7grn2TB-4TB u2013 9.7grnResistencia a las vibraciones en operaciu00f3nt2.17 G pico (7 a 800 Hz)rnResistencia a las vibraciones fuera de operaciu00f3nt20G pico (10 a 2.000Hz)rnMTBFt1,800,000 horasrnGarantu00eda\/soporte tu00e9cnico4t5 au00f1os de garantu00eda limitada con soporte tu00e9cnico gratuito<\/p>\n","protected":false},"excerpt":{"rendered":"<p>L\u00edder en el mercado de tecnolog\u00edas, Kingston ofrece una gran variedad de dispositivos de almacenamiento. Su calidad y especializaci\u00f3n en discos de estado s\u00f3lido (SSD), de memoria y de USB cifrados la convierten una de las opciones m\u00e1s elegidas en el mercado internacional.IrrompibleAdem\u00e1s de su funcionalidad y soporte, la importancia de los discos de almacenamiento tambi\u00e9n radica en su calidad y resistencia. Despreocupate y disfrut\u00e1 de la durabilidad de este producto debido a su capacidad de absorber y resistir fuertes impactos.M\u00e1s velocidad a tu alcanceEste disco transfiere datos a trav\u00e9s de una interfaz PCIe Gen4x4, lo que te brindar\u00e1 trasmitir una mayor cantidad de informaci\u00f3n de una sola vez.<\/p>\n","protected":false},"featured_media":35380,"template":"","meta":[],"product_brand":[],"product_cat":[127,76],"product_tag":[],"class_list":{"0":"post-35377","1":"product","2":"type-product","3":"status-publish","4":"has-post-thumbnail","6":"product_cat-ar","7":"product_cat-discos","9":"first","10":"instock","11":"shipping-taxable","12":"purchasable","13":"product-type-simple"},"_links":{"self":[{"href":"https:\/\/saltacom.com\/index.php\/wp-json\/wp\/v2\/product\/35377","targetHints":{"allow":["GET"]}}],"collection":[{"href":"https:\/\/saltacom.com\/index.php\/wp-json\/wp\/v2\/product"}],"about":[{"href":"https:\/\/saltacom.com\/index.php\/wp-json\/wp\/v2\/types\/product"}],"version-history":[{"count":2,"href":"https:\/\/saltacom.com\/index.php\/wp-json\/wp\/v2\/product\/35377\/revisions"}],"predecessor-version":[{"id":35379,"href":"https:\/\/saltacom.com\/index.php\/wp-json\/wp\/v2\/product\/35377\/revisions\/35379"}],"wp:featuredmedia":[{"embeddable":true,"href":"https:\/\/saltacom.com\/index.php\/wp-json\/wp\/v2\/media\/35380"}],"wp:attachment":[{"href":"https:\/\/saltacom.com\/index.php\/wp-json\/wp\/v2\/media?parent=35377"}],"wp:term":[{"taxonomy":"product_brand","embeddable":true,"href":"https:\/\/saltacom.com\/index.php\/wp-json\/wp\/v2\/product_brand?post=35377"},{"taxonomy":"product_cat","embeddable":true,"href":"https:\/\/saltacom.com\/index.php\/wp-json\/wp\/v2\/product_cat?post=35377"},{"taxonomy":"product_tag","embeddable":true,"href":"https:\/\/saltacom.com\/index.php\/wp-json\/wp\/v2\/product_tag?post=35377"}],"curies":[{"name":"wp","href":"https:\/\/api.w.org\/{rel}","templated":true}]}}