{"id":35442,"date":"2026-04-09T19:44:20","date_gmt":"2026-04-09T22:44:20","guid":{"rendered":"https:\/\/saltacom.com\/index.php\/producto\/tp-link-router-wifi-doble-banda-ac1200-4ant\/"},"modified":"2026-04-21T07:13:10","modified_gmt":"2026-04-21T10:13:10","slug":"tp-link-router-wifi-doble-banda-ac1200-4ant","status":"publish","type":"product","link":"https:\/\/saltacom.com\/index.php\/producto\/tp-link-router-wifi-doble-banda-ac1200-4ant\/","title":{"rendered":"TP LINK ROUTER WIFI DOBLE BANDA AC1200 (4ANT)"},"content":{"rendered":"<p>Soporta el est\u00e1ndar 802.11ac standardConexiones simult\u00e1neas en 2.4GHz 300 Mbps y a 867Mbps en 5GHz para un ancho de banda total disponible de 1200 Mbps4 antenas externas y una interna proporcionan una conexi\u00f3n Wi-Fi estable y una \u00f3ptima cobertura.Con TP-Link Tether tendr\u00e1s a tu alcance un acceso f\u00e1cil a la configuraci\u00f3n de redMU-MIMO logra una eficiencia x2 al comunicarse con hasta 2 dispositivos a la vezSoporta modo Punto de Acceso para crear una nueva red Wi-Fi.CAJA X 10u<\/p>\n","protected":false},"excerpt":{"rendered":"<p><strong>Marca:<\/strong> TP LINK<\/p>\n","protected":false},"featured_media":0,"template":"","meta":[],"product_brand":[],"product_cat":[155,158],"product_tag":[],"class_list":{"0":"post-35442","1":"product","2":"type-product","3":"status-publish","5":"product_cat-msn","6":"product_cat-tp-link","8":"first","9":"onbackorder","10":"shipping-taxable","11":"purchasable","12":"product-type-simple"},"_links":{"self":[{"href":"https:\/\/saltacom.com\/index.php\/wp-json\/wp\/v2\/product\/35442","targetHints":{"allow":["GET"]}}],"collection":[{"href":"https:\/\/saltacom.com\/index.php\/wp-json\/wp\/v2\/product"}],"about":[{"href":"https:\/\/saltacom.com\/index.php\/wp-json\/wp\/v2\/types\/product"}],"version-history":[{"count":1,"href":"https:\/\/saltacom.com\/index.php\/wp-json\/wp\/v2\/product\/35442\/revisions"}],"predecessor-version":[{"id":35457,"href":"https:\/\/saltacom.com\/index.php\/wp-json\/wp\/v2\/product\/35442\/revisions\/35457"}],"wp:attachment":[{"href":"https:\/\/saltacom.com\/index.php\/wp-json\/wp\/v2\/media?parent=35442"}],"wp:term":[{"taxonomy":"product_brand","embeddable":true,"href":"https:\/\/saltacom.com\/index.php\/wp-json\/wp\/v2\/product_brand?post=35442"},{"taxonomy":"product_cat","embeddable":true,"href":"https:\/\/saltacom.com\/index.php\/wp-json\/wp\/v2\/product_cat?post=35442"},{"taxonomy":"product_tag","embeddable":true,"href":"https:\/\/saltacom.com\/index.php\/wp-json\/wp\/v2\/product_tag?post=35442"}],"curies":[{"name":"wp","href":"https:\/\/api.w.org\/{rel}","templated":true}]}}