{"id":35449,"date":"2026-04-09T19:44:37","date_gmt":"2026-04-09T22:44:37","guid":{"rendered":"https:\/\/saltacom.com\/index.php\/producto\/ap-in-tp-link-eap-outdoor-ax3000-dual-band-wifi-6\/"},"modified":"2026-04-13T01:15:37","modified_gmt":"2026-04-13T04:15:37","slug":"ap-in-tp-link-eap-outdoor-ax3000-dual-band-wifi-6","status":"publish","type":"product","link":"https:\/\/saltacom.com\/index.php\/producto\/ap-in-tp-link-eap-outdoor-ax3000-dual-band-wifi-6\/","title":{"rendered":"AP IN.TP LINK EAP OUTDOOR AX3000 DUAL BAND WIFI 6"},"content":{"rendered":"<p>AX3000 WiFi 6 velocidades 2402 Mbps en 5 GHz + 574 Mbps en 2,4 GHzCanal de 160MHz Duplique los datos en los momentos pico de transmisi\u00f3n en un solo flujo con HE160WiFi de alta seguridad 6 Cifrado WAP3, portal cautivo (SMS, vales y m\u00e1s) y autenticaci\u00f3n 802.1xCobertura de largo alcance Tecnolog\u00eda de antena inteligente profesional y amplificador de alta potencia dedicadoTecnolog\u00eda de malla Omada Implementaci\u00f3n inal\u00e1mbrica flexible sin cableado adicionalInstalaci\u00f3n f\u00e1cil y flexible Admite 802.3at PoE+ y PoE pasivo (adaptador incluido) para una instalaci\u00f3n flexibleItinerancia perfecta Transmisi\u00f3n ininterrumpida al moverse entre APIP67 a prueba de agua y polvo Resistente a rayos, entrada de polvo, golpes, vibraciones y humedad.Gesti\u00f3n centralizada de la nube La integraci\u00f3n de Omada SDN gestiona toda la red localmente o desde la nube<\/p>\n","protected":false},"excerpt":{"rendered":"<p><strong>Marca:<\/strong> TP LINK<\/p>\n","protected":false},"featured_media":35450,"template":"","meta":[],"product_brand":[],"product_cat":[155,158],"product_tag":[],"class_list":{"0":"post-35449","1":"product","2":"type-product","3":"status-publish","4":"has-post-thumbnail","6":"product_cat-msn","7":"product_cat-tp-link","9":"first","10":"onbackorder","11":"shipping-taxable","12":"purchasable","13":"product-type-simple"},"_links":{"self":[{"href":"https:\/\/saltacom.com\/index.php\/wp-json\/wp\/v2\/product\/35449","targetHints":{"allow":["GET"]}}],"collection":[{"href":"https:\/\/saltacom.com\/index.php\/wp-json\/wp\/v2\/product"}],"about":[{"href":"https:\/\/saltacom.com\/index.php\/wp-json\/wp\/v2\/types\/product"}],"version-history":[{"count":0,"href":"https:\/\/saltacom.com\/index.php\/wp-json\/wp\/v2\/product\/35449\/revisions"}],"wp:featuredmedia":[{"embeddable":true,"href":"https:\/\/saltacom.com\/index.php\/wp-json\/wp\/v2\/media\/35450"}],"wp:attachment":[{"href":"https:\/\/saltacom.com\/index.php\/wp-json\/wp\/v2\/media?parent=35449"}],"wp:term":[{"taxonomy":"product_brand","embeddable":true,"href":"https:\/\/saltacom.com\/index.php\/wp-json\/wp\/v2\/product_brand?post=35449"},{"taxonomy":"product_cat","embeddable":true,"href":"https:\/\/saltacom.com\/index.php\/wp-json\/wp\/v2\/product_cat?post=35449"},{"taxonomy":"product_tag","embeddable":true,"href":"https:\/\/saltacom.com\/index.php\/wp-json\/wp\/v2\/product_tag?post=35449"}],"curies":[{"name":"wp","href":"https:\/\/api.w.org\/{rel}","templated":true}]}}