{"id":35453,"date":"2026-04-09T19:45:16","date_gmt":"2026-04-09T22:45:16","guid":{"rendered":"https:\/\/saltacom.com\/index.php\/producto\/tp-link-extensor-de-rango-wifi-ac750\/"},"modified":"2026-04-13T01:15:41","modified_gmt":"2026-04-13T04:15:41","slug":"tp-link-extensor-de-rango-wifi-ac750","status":"publish","type":"product","link":"https:\/\/saltacom.com\/index.php\/producto\/tp-link-extensor-de-rango-wifi-ac750\/","title":{"rendered":"TP LINK EXTENSOR DE RANGO WIFI AC750"},"content":{"rendered":"<p>Aumenta la se\u00f1al inal\u00e1mbrica a \u00e1reas previamente inalcanzables o dif\u00edciles de cablear sin problemasCompatible con dispositivos Wi-Fi 802.11 b \/ g \/ ny 802.11acVelocidades de doble banda de hasta 750 MbpsEl tama\u00f1o en miniatura y el dise\u00f1o montado en la pared facilitan el despliegue y el movimiento de forma flexibleEl puerto Ethernet permite que el extensor funcione como un adaptador inal\u00e1mbrico para conectar dispositivos cableados<\/p>\n","protected":false},"excerpt":{"rendered":"<p><strong>Marca:<\/strong> TP LINK<\/p>\n","protected":false},"featured_media":35454,"template":"","meta":[],"product_brand":[],"product_cat":[155,158],"product_tag":[],"class_list":{"0":"post-35453","1":"product","2":"type-product","3":"status-publish","4":"has-post-thumbnail","6":"product_cat-msn","7":"product_cat-tp-link","9":"first","10":"onbackorder","11":"shipping-taxable","12":"purchasable","13":"product-type-simple"},"_links":{"self":[{"href":"https:\/\/saltacom.com\/index.php\/wp-json\/wp\/v2\/product\/35453","targetHints":{"allow":["GET"]}}],"collection":[{"href":"https:\/\/saltacom.com\/index.php\/wp-json\/wp\/v2\/product"}],"about":[{"href":"https:\/\/saltacom.com\/index.php\/wp-json\/wp\/v2\/types\/product"}],"version-history":[{"count":0,"href":"https:\/\/saltacom.com\/index.php\/wp-json\/wp\/v2\/product\/35453\/revisions"}],"wp:featuredmedia":[{"embeddable":true,"href":"https:\/\/saltacom.com\/index.php\/wp-json\/wp\/v2\/media\/35454"}],"wp:attachment":[{"href":"https:\/\/saltacom.com\/index.php\/wp-json\/wp\/v2\/media?parent=35453"}],"wp:term":[{"taxonomy":"product_brand","embeddable":true,"href":"https:\/\/saltacom.com\/index.php\/wp-json\/wp\/v2\/product_brand?post=35453"},{"taxonomy":"product_cat","embeddable":true,"href":"https:\/\/saltacom.com\/index.php\/wp-json\/wp\/v2\/product_cat?post=35453"},{"taxonomy":"product_tag","embeddable":true,"href":"https:\/\/saltacom.com\/index.php\/wp-json\/wp\/v2\/product_tag?post=35453"}],"curies":[{"name":"wp","href":"https:\/\/api.w.org\/{rel}","templated":true}]}}