{"id":35469,"date":"2026-04-11T01:16:16","date_gmt":"2026-04-11T04:16:16","guid":{"rendered":"https:\/\/saltacom.com\/index.php\/producto\/c-asist-zkteco-smart-lock-wifi-right-black\/"},"modified":"2026-04-13T01:16:06","modified_gmt":"2026-04-13T04:16:06","slug":"c-asist-zkteco-smart-lock-wifi-right-black","status":"publish","type":"product","link":"https:\/\/saltacom.com\/index.php\/producto\/c-asist-zkteco-smart-lock-wifi-right-black\/","title":{"rendered":"C.ASIST ZKTECO SMART LOCK WIFI RIGHT BLACK"},"content":{"rendered":"<p>Cerradura inteligente, utiliza tecnolog\u00eda de huella dactilar y WiFi para la entrada sin llave, dise\u00f1ada como una cerradura de embutir europea 5050 y es compatible con la aplicaci\u00f3n ZSmart.Se puede controlar de forma remota, lo que permite a los usuarios desbloquear, compartir contrase\u00f1as, realizar un seguimiento de los registros de entrada y administrar usuarios a trav\u00e9s de un tel\u00e9fono inteligente. Esto la convierte en una soluci\u00f3n adecuada para apartamentos, alquileres y propiedades residenciales.La cerradura ofrece m\u00faltiples m\u00e9todos de identificaci\u00f3n, incluidos tel\u00e9fono inteligente, huella dactilar, c\u00f3digo de acceso y tarjeta IC. Cuenta con un sensor de huella dactilar capacitivo dise\u00f1ado para una verificaci\u00f3n r\u00e1pida, incluso con dedos secos o \u00e1speros.La ML100 tiene capacidad para 100 huellas dactilares, 100 contrase\u00f1as y 100 tarjetas IC. Puede almacenar un total de 300 usuarios, con una cantidad designada de ranuras para administradores y usuarios normales.La cerradura utiliza cuatro pilas alcalinas AA y tiene una duraci\u00f3n de hasta un a\u00f1o. Incluye un puerto micro-USB para alimentaci\u00f3n de emergencia. Tambi\u00e9n es compatible con WiFi IEEE 802.11b para una comunicaci\u00f3n estable y r\u00e1pida.<\/p>\n","protected":false},"excerpt":{"rendered":"<p><strong>Marca:<\/strong> ZKTECO<\/p>\n","protected":false},"featured_media":35470,"template":"","meta":[],"product_brand":[],"product_cat":[155,162],"product_tag":[],"class_list":{"0":"post-35469","1":"product","2":"type-product","3":"status-publish","4":"has-post-thumbnail","6":"product_cat-msn","7":"product_cat-zkteco","9":"first","10":"onbackorder","11":"shipping-taxable","12":"purchasable","13":"product-type-simple"},"_links":{"self":[{"href":"https:\/\/saltacom.com\/index.php\/wp-json\/wp\/v2\/product\/35469","targetHints":{"allow":["GET"]}}],"collection":[{"href":"https:\/\/saltacom.com\/index.php\/wp-json\/wp\/v2\/product"}],"about":[{"href":"https:\/\/saltacom.com\/index.php\/wp-json\/wp\/v2\/types\/product"}],"version-history":[{"count":0,"href":"https:\/\/saltacom.com\/index.php\/wp-json\/wp\/v2\/product\/35469\/revisions"}],"wp:featuredmedia":[{"embeddable":true,"href":"https:\/\/saltacom.com\/index.php\/wp-json\/wp\/v2\/media\/35470"}],"wp:attachment":[{"href":"https:\/\/saltacom.com\/index.php\/wp-json\/wp\/v2\/media?parent=35469"}],"wp:term":[{"taxonomy":"product_brand","embeddable":true,"href":"https:\/\/saltacom.com\/index.php\/wp-json\/wp\/v2\/product_brand?post=35469"},{"taxonomy":"product_cat","embeddable":true,"href":"https:\/\/saltacom.com\/index.php\/wp-json\/wp\/v2\/product_cat?post=35469"},{"taxonomy":"product_tag","embeddable":true,"href":"https:\/\/saltacom.com\/index.php\/wp-json\/wp\/v2\/product_tag?post=35469"}],"curies":[{"name":"wp","href":"https:\/\/api.w.org\/{rel}","templated":true}]}}