{"id":35496,"date":"2026-04-15T08:42:16","date_gmt":"2026-04-15T11:42:16","guid":{"rendered":"https:\/\/saltacom.com\/index.php\/producto\/auricular-wir-c-microfono-logitech-pro-x-2-white-981-001268\/"},"modified":"2026-04-16T01:19:49","modified_gmt":"2026-04-16T04:19:49","slug":"auricular-wir-c-microfono-logitech-pro-x-2-white-981-001268","status":"publish","type":"product","link":"https:\/\/saltacom.com\/index.php\/producto\/auricular-wir-c-microfono-logitech-pro-x-2-white-981-001268\/","title":{"rendered":"Auricular Wir c\/Microfono Logitech PRO X 2 White 981-001268"},"content":{"rendered":"<p>Auriculares inal\u00e1mbricos con micr\u00f3fono LIGHTSPEED para juegos.<br \/>\nM\u00e1s informaci\u00f3n:\u00a0981-001268<\/p>\n","protected":false},"excerpt":{"rendered":"<p>Auriculares inal\u00e1mbricos con micr\u00f3fono LIGHTSPEED para juegos. M\u00e1s informaci\u00f3n:\u00a0981-001268<\/p>\n","protected":false},"featured_media":35497,"template":"","meta":[],"product_brand":[],"product_cat":[81,107,130],"product_tag":[],"class_list":{"0":"post-35496","1":"product","2":"type-product","3":"status-publish","4":"has-post-thumbnail","6":"product_cat-auricular","7":"product_cat-microfono","8":"product_cat-pv","10":"first","11":"instock","12":"shipping-taxable","13":"purchasable","14":"product-type-simple"},"_links":{"self":[{"href":"https:\/\/saltacom.com\/index.php\/wp-json\/wp\/v2\/product\/35496","targetHints":{"allow":["GET"]}}],"collection":[{"href":"https:\/\/saltacom.com\/index.php\/wp-json\/wp\/v2\/product"}],"about":[{"href":"https:\/\/saltacom.com\/index.php\/wp-json\/wp\/v2\/types\/product"}],"version-history":[{"count":1,"href":"https:\/\/saltacom.com\/index.php\/wp-json\/wp\/v2\/product\/35496\/revisions"}],"predecessor-version":[{"id":35546,"href":"https:\/\/saltacom.com\/index.php\/wp-json\/wp\/v2\/product\/35496\/revisions\/35546"}],"wp:featuredmedia":[{"embeddable":true,"href":"https:\/\/saltacom.com\/index.php\/wp-json\/wp\/v2\/media\/35497"}],"wp:attachment":[{"href":"https:\/\/saltacom.com\/index.php\/wp-json\/wp\/v2\/media?parent=35496"}],"wp:term":[{"taxonomy":"product_brand","embeddable":true,"href":"https:\/\/saltacom.com\/index.php\/wp-json\/wp\/v2\/product_brand?post=35496"},{"taxonomy":"product_cat","embeddable":true,"href":"https:\/\/saltacom.com\/index.php\/wp-json\/wp\/v2\/product_cat?post=35496"},{"taxonomy":"product_tag","embeddable":true,"href":"https:\/\/saltacom.com\/index.php\/wp-json\/wp\/v2\/product_tag?post=35496"}],"curies":[{"name":"wp","href":"https:\/\/api.w.org\/{rel}","templated":true}]}}