{"id":35500,"date":"2026-04-15T08:48:31","date_gmt":"2026-04-15T11:48:31","guid":{"rendered":"https:\/\/saltacom.com\/index.php\/producto\/mouse-logitech-g-pro-2-lightspeed-white-910-007301\/"},"modified":"2026-04-15T21:19:40","modified_gmt":"2026-04-16T00:19:40","slug":"mouse-logitech-g-pro-2-lightspeed-white-910-007301","status":"publish","type":"product","link":"https:\/\/saltacom.com\/index.php\/producto\/mouse-logitech-g-pro-2-lightspeed-white-910-007301\/","title":{"rendered":"Mouse Logitech G Pro 2 Lightspeed White 910-007301"},"content":{"rendered":"<p>Dise\u00f1ado con profesionales y pensado para ganar, el mouse inal\u00e1mbrico Logitech G PRO 2 LIGHTSPEED es un mouse sim\u00e9trico y ambidiestro con botones laterales magn\u00e9ticos personalizables que ofrece un rendimiento ultrarr\u00e1pido y preciso y un estilo personalizable para jugadores competitivos.<br \/>\nM\u00e1s informaci\u00f3n:\u00a0910-007301<\/p>\n","protected":false},"excerpt":{"rendered":"<p>Dise\u00f1ado con profesionales y pensado para ganar, el mouse inal\u00e1mbrico Logitech G PRO 2 LIGHTSPEED es un mouse sim\u00e9trico y ambidiestro con botones laterales magn\u00e9ticos personalizables que ofrece un rendimiento ultrarr\u00e1pido y\u2026<\/p>\n","protected":false},"featured_media":35501,"template":"","meta":[],"product_brand":[],"product_cat":[110,130],"product_tag":[],"class_list":{"0":"post-35500","1":"product","2":"type-product","3":"status-publish","4":"has-post-thumbnail","6":"product_cat-mouse","7":"product_cat-pv","9":"first","10":"instock","11":"shipping-taxable","12":"purchasable","13":"product-type-simple"},"_links":{"self":[{"href":"https:\/\/saltacom.com\/index.php\/wp-json\/wp\/v2\/product\/35500","targetHints":{"allow":["GET"]}}],"collection":[{"href":"https:\/\/saltacom.com\/index.php\/wp-json\/wp\/v2\/product"}],"about":[{"href":"https:\/\/saltacom.com\/index.php\/wp-json\/wp\/v2\/types\/product"}],"version-history":[{"count":1,"href":"https:\/\/saltacom.com\/index.php\/wp-json\/wp\/v2\/product\/35500\/revisions"}],"predecessor-version":[{"id":35548,"href":"https:\/\/saltacom.com\/index.php\/wp-json\/wp\/v2\/product\/35500\/revisions\/35548"}],"wp:featuredmedia":[{"embeddable":true,"href":"https:\/\/saltacom.com\/index.php\/wp-json\/wp\/v2\/media\/35501"}],"wp:attachment":[{"href":"https:\/\/saltacom.com\/index.php\/wp-json\/wp\/v2\/media?parent=35500"}],"wp:term":[{"taxonomy":"product_brand","embeddable":true,"href":"https:\/\/saltacom.com\/index.php\/wp-json\/wp\/v2\/product_brand?post=35500"},{"taxonomy":"product_cat","embeddable":true,"href":"https:\/\/saltacom.com\/index.php\/wp-json\/wp\/v2\/product_cat?post=35500"},{"taxonomy":"product_tag","embeddable":true,"href":"https:\/\/saltacom.com\/index.php\/wp-json\/wp\/v2\/product_tag?post=35500"}],"curies":[{"name":"wp","href":"https:\/\/api.w.org\/{rel}","templated":true}]}}