{"id":35504,"date":"2026-04-15T08:53:48","date_gmt":"2026-04-15T11:53:48","guid":{"rendered":"https:\/\/saltacom.com\/index.php\/producto\/vga-gigabyte-geforce-rtx-5060-ti-eagle-oc-ice-8g-6095\/"},"modified":"2026-04-16T01:19:51","modified_gmt":"2026-04-16T04:19:51","slug":"vga-gigabyte-geforce-rtx-5060-ti-eagle-oc-ice-8g-6095","status":"publish","type":"product","link":"https:\/\/saltacom.com\/index.php\/producto\/vga-gigabyte-geforce-rtx-5060-ti-eagle-oc-ice-8g-6095\/","title":{"rendered":"VGA Gigabyte GeForce RTX 5060 Ti EAGLE OC ICE 8G (6095)"},"content":{"rendered":"<p>\u00a0Impulsado por GeForce RTX&trade; 5060 Ti<br \/>\nIntegrado con interfaz de memoria GDDR7 de 128 bits y 8 GB<br \/>\nSistema de refrigeraci\u00f3n WINDFORCE<br \/>\nEstructura reforzada<\/p>\n<p>M\u00e1s informaci\u00f3n:\u00a0GV-N506TEAGLEOC ICE-8GD<br \/>\n\u00a0<\/p>\n","protected":false},"excerpt":{"rendered":"<p>\u00a0Impulsado por GeForce RTX&trade; 5060 Ti Integrado con interfaz de memoria GDDR7 de 128 bits y 8 GB Sistema de refrigeraci\u00f3n WINDFORCE Estructura reforzada M\u00e1s informaci\u00f3n:\u00a0GV-N506TEAGLEOC ICE-8GD \u00a0<\/p>\n","protected":false},"featured_media":35505,"template":"","meta":[],"product_brand":[],"product_cat":[126,130],"product_tag":[],"class_list":{"0":"post-35504","1":"product","2":"type-product","3":"status-publish","4":"has-post-thumbnail","6":"product_cat-placa-de-video","7":"product_cat-pv","9":"first","10":"instock","11":"shipping-taxable","12":"purchasable","13":"product-type-simple"},"_links":{"self":[{"href":"https:\/\/saltacom.com\/index.php\/wp-json\/wp\/v2\/product\/35504","targetHints":{"allow":["GET"]}}],"collection":[{"href":"https:\/\/saltacom.com\/index.php\/wp-json\/wp\/v2\/product"}],"about":[{"href":"https:\/\/saltacom.com\/index.php\/wp-json\/wp\/v2\/types\/product"}],"version-history":[{"count":1,"href":"https:\/\/saltacom.com\/index.php\/wp-json\/wp\/v2\/product\/35504\/revisions"}],"predecessor-version":[{"id":35550,"href":"https:\/\/saltacom.com\/index.php\/wp-json\/wp\/v2\/product\/35504\/revisions\/35550"}],"wp:featuredmedia":[{"embeddable":true,"href":"https:\/\/saltacom.com\/index.php\/wp-json\/wp\/v2\/media\/35505"}],"wp:attachment":[{"href":"https:\/\/saltacom.com\/index.php\/wp-json\/wp\/v2\/media?parent=35504"}],"wp:term":[{"taxonomy":"product_brand","embeddable":true,"href":"https:\/\/saltacom.com\/index.php\/wp-json\/wp\/v2\/product_brand?post=35504"},{"taxonomy":"product_cat","embeddable":true,"href":"https:\/\/saltacom.com\/index.php\/wp-json\/wp\/v2\/product_cat?post=35504"},{"taxonomy":"product_tag","embeddable":true,"href":"https:\/\/saltacom.com\/index.php\/wp-json\/wp\/v2\/product_tag?post=35504"}],"curies":[{"name":"wp","href":"https:\/\/api.w.org\/{rel}","templated":true}]}}