{"id":35508,"date":"2026-04-15T08:53:51","date_gmt":"2026-04-15T11:53:51","guid":{"rendered":"https:\/\/saltacom.com\/index.php\/producto\/gabinete-corsair-frame-4500x-rs-r-argb-mid-tower-tg-white-2787\/"},"modified":"2026-04-22T07:19:21","modified_gmt":"2026-04-22T10:19:21","slug":"gabinete-corsair-frame-4500x-rs-r-argb-mid-tower-tg-white-2787","status":"publish","type":"product","link":"https:\/\/saltacom.com\/index.php\/producto\/gabinete-corsair-frame-4500x-rs-r-argb-mid-tower-tg-white-2787\/","title":{"rendered":"Gabinete Corsair FRAME 4500X RS-R ARGB Mid-Tower TG White (2787)"},"content":{"rendered":"<p>Control simplificado de la iluminaci\u00f3n RGB de la placa base con ventiladores ARGB PWM integrados<\/p>\n<p>Brazo de estabilizaci\u00f3n antidescolgamiento de GPU<\/p>\n<p>Compatibilidad con placas base de conector inverso<\/p>\n<p>M\u00e1s informaci\u00f3n:\u00a0CC-9011315-WW<\/p>\n","protected":false},"excerpt":{"rendered":"<p>Control simplificado de la iluminaci\u00f3n RGB de la placa base con ventiladores ARGB PWM integrados Brazo de estabilizaci\u00f3n antidescolgamiento de GPU Compatibilidad con placas base de conector inverso M\u00e1s informaci\u00f3n:\u00a0CC-9011315-WW<\/p>\n","protected":false},"featured_media":35509,"template":"","meta":[],"product_brand":[],"product_cat":[100,130],"product_tag":[],"class_list":{"0":"post-35508","1":"product","2":"type-product","3":"status-publish","4":"has-post-thumbnail","6":"product_cat-gabinete","7":"product_cat-pv","9":"first","10":"instock","11":"shipping-taxable","12":"purchasable","13":"product-type-simple"},"_links":{"self":[{"href":"https:\/\/saltacom.com\/index.php\/wp-json\/wp\/v2\/product\/35508","targetHints":{"allow":["GET"]}}],"collection":[{"href":"https:\/\/saltacom.com\/index.php\/wp-json\/wp\/v2\/product"}],"about":[{"href":"https:\/\/saltacom.com\/index.php\/wp-json\/wp\/v2\/types\/product"}],"version-history":[{"count":1,"href":"https:\/\/saltacom.com\/index.php\/wp-json\/wp\/v2\/product\/35508\/revisions"}],"predecessor-version":[{"id":35552,"href":"https:\/\/saltacom.com\/index.php\/wp-json\/wp\/v2\/product\/35508\/revisions\/35552"}],"wp:featuredmedia":[{"embeddable":true,"href":"https:\/\/saltacom.com\/index.php\/wp-json\/wp\/v2\/media\/35509"}],"wp:attachment":[{"href":"https:\/\/saltacom.com\/index.php\/wp-json\/wp\/v2\/media?parent=35508"}],"wp:term":[{"taxonomy":"product_brand","embeddable":true,"href":"https:\/\/saltacom.com\/index.php\/wp-json\/wp\/v2\/product_brand?post=35508"},{"taxonomy":"product_cat","embeddable":true,"href":"https:\/\/saltacom.com\/index.php\/wp-json\/wp\/v2\/product_cat?post=35508"},{"taxonomy":"product_tag","embeddable":true,"href":"https:\/\/saltacom.com\/index.php\/wp-json\/wp\/v2\/product_tag?post=35508"}],"curies":[{"name":"wp","href":"https:\/\/api.w.org\/{rel}","templated":true}]}}