{"id":35512,"date":"2026-04-15T08:53:55","date_gmt":"2026-04-15T11:53:55","guid":{"rendered":"https:\/\/saltacom.com\/index.php\/producto\/auriculares-razer-blackshark-v3-wireless-black-1282\/"},"modified":"2026-04-20T05:19:32","modified_gmt":"2026-04-20T08:19:32","slug":"auriculares-razer-blackshark-v3-wireless-black-1282","status":"publish","type":"product","link":"https:\/\/saltacom.com\/index.php\/producto\/auriculares-razer-blackshark-v3-wireless-black-1282\/","title":{"rendered":"Auriculares Razer BlackShark V3 Wireless Black (1282)"},"content":{"rendered":"<p>Deja claro tu prop\u00f3sito de ganar con los Razer BlackShark V3, unos auriculares inal\u00e1mbricos para esports dise\u00f1ados para el nuevo meta competitivo. Con una latencia ultrabaja l\u00edder en la industria, un rendimiento de audio mejorado y un excepcional micr\u00f3fono de banda s\u00faper ancha, ampl\u00eda tu ventaja con todas las ventajas posibles.<br \/>\nM\u00e1s informaci\u00f3n:\u00a0RZ04-05410100-R3U1<\/p>\n","protected":false},"excerpt":{"rendered":"<p>Deja claro tu prop\u00f3sito de ganar con los Razer BlackShark V3, unos auriculares inal\u00e1mbricos para esports dise\u00f1ados para el nuevo meta competitivo. Con una latencia ultrabaja l\u00edder en la industria, un rendimiento\u2026<\/p>\n","protected":false},"featured_media":35513,"template":"","meta":[],"product_brand":[],"product_cat":[81,130],"product_tag":[],"class_list":{"0":"post-35512","1":"product","2":"type-product","3":"status-publish","4":"has-post-thumbnail","6":"product_cat-auricular","7":"product_cat-pv","9":"first","10":"instock","11":"shipping-taxable","12":"purchasable","13":"product-type-simple"},"_links":{"self":[{"href":"https:\/\/saltacom.com\/index.php\/wp-json\/wp\/v2\/product\/35512","targetHints":{"allow":["GET"]}}],"collection":[{"href":"https:\/\/saltacom.com\/index.php\/wp-json\/wp\/v2\/product"}],"about":[{"href":"https:\/\/saltacom.com\/index.php\/wp-json\/wp\/v2\/types\/product"}],"version-history":[{"count":1,"href":"https:\/\/saltacom.com\/index.php\/wp-json\/wp\/v2\/product\/35512\/revisions"}],"predecessor-version":[{"id":35554,"href":"https:\/\/saltacom.com\/index.php\/wp-json\/wp\/v2\/product\/35512\/revisions\/35554"}],"wp:featuredmedia":[{"embeddable":true,"href":"https:\/\/saltacom.com\/index.php\/wp-json\/wp\/v2\/media\/35513"}],"wp:attachment":[{"href":"https:\/\/saltacom.com\/index.php\/wp-json\/wp\/v2\/media?parent=35512"}],"wp:term":[{"taxonomy":"product_brand","embeddable":true,"href":"https:\/\/saltacom.com\/index.php\/wp-json\/wp\/v2\/product_brand?post=35512"},{"taxonomy":"product_cat","embeddable":true,"href":"https:\/\/saltacom.com\/index.php\/wp-json\/wp\/v2\/product_cat?post=35512"},{"taxonomy":"product_tag","embeddable":true,"href":"https:\/\/saltacom.com\/index.php\/wp-json\/wp\/v2\/product_tag?post=35512"}],"curies":[{"name":"wp","href":"https:\/\/api.w.org\/{rel}","templated":true}]}}