{"id":35520,"date":"2026-04-15T08:54:03","date_gmt":"2026-04-15T11:54:03","guid":{"rendered":"https:\/\/saltacom.com\/index.php\/producto\/auricular-corsair-hs80-rgb-wireless-spatial-audio-carbon-5940\/"},"modified":"2026-04-20T05:19:34","modified_gmt":"2026-04-20T08:19:34","slug":"auricular-corsair-hs80-rgb-wireless-spatial-audio-carbon-5940","status":"publish","type":"product","link":"https:\/\/saltacom.com\/index.php\/producto\/auricular-corsair-hs80-rgb-wireless-spatial-audio-carbon-5940\/","title":{"rendered":"Auricular Corsair HS80 RGB Wireless Spatial Audio Carbon (5940)"},"content":{"rendered":"<p>Los auriculares para juegos CORSAIR HS80 RGB WIRELESS se conectan mediante la tecnolog\u00eda hiperr\u00e1pida SLIPSTREAM WIRELESS y ofrecen un sonido incre\u00edblemente detallado a trav\u00e9s de los transductores de audio de neodimio de 50 mm, con ajuste personalizado y Dolby Atmos inmersivo.<br \/>\nM\u00e1s informaci\u00f3n:\u00a0CA-9011235-EU<\/p>\n","protected":false},"excerpt":{"rendered":"<p>Los auriculares para juegos CORSAIR HS80 RGB WIRELESS se conectan mediante la tecnolog\u00eda hiperr\u00e1pida SLIPSTREAM WIRELESS y ofrecen un sonido incre\u00edblemente detallado a trav\u00e9s de los transductores de audio de neodimio de\u2026<\/p>\n","protected":false},"featured_media":35521,"template":"","meta":[],"product_brand":[],"product_cat":[81,130],"product_tag":[],"class_list":{"0":"post-35520","1":"product","2":"type-product","3":"status-publish","4":"has-post-thumbnail","6":"product_cat-auricular","7":"product_cat-pv","9":"first","10":"instock","11":"shipping-taxable","12":"purchasable","13":"product-type-simple"},"_links":{"self":[{"href":"https:\/\/saltacom.com\/index.php\/wp-json\/wp\/v2\/product\/35520","targetHints":{"allow":["GET"]}}],"collection":[{"href":"https:\/\/saltacom.com\/index.php\/wp-json\/wp\/v2\/product"}],"about":[{"href":"https:\/\/saltacom.com\/index.php\/wp-json\/wp\/v2\/types\/product"}],"version-history":[{"count":1,"href":"https:\/\/saltacom.com\/index.php\/wp-json\/wp\/v2\/product\/35520\/revisions"}],"predecessor-version":[{"id":35558,"href":"https:\/\/saltacom.com\/index.php\/wp-json\/wp\/v2\/product\/35520\/revisions\/35558"}],"wp:featuredmedia":[{"embeddable":true,"href":"https:\/\/saltacom.com\/index.php\/wp-json\/wp\/v2\/media\/35521"}],"wp:attachment":[{"href":"https:\/\/saltacom.com\/index.php\/wp-json\/wp\/v2\/media?parent=35520"}],"wp:term":[{"taxonomy":"product_brand","embeddable":true,"href":"https:\/\/saltacom.com\/index.php\/wp-json\/wp\/v2\/product_brand?post=35520"},{"taxonomy":"product_cat","embeddable":true,"href":"https:\/\/saltacom.com\/index.php\/wp-json\/wp\/v2\/product_cat?post=35520"},{"taxonomy":"product_tag","embeddable":true,"href":"https:\/\/saltacom.com\/index.php\/wp-json\/wp\/v2\/product_tag?post=35520"}],"curies":[{"name":"wp","href":"https:\/\/api.w.org\/{rel}","templated":true}]}}