{"id":35528,"date":"2026-04-15T08:54:15","date_gmt":"2026-04-15T11:54:15","guid":{"rendered":"https:\/\/saltacom.com\/index.php\/producto\/vga-msi-geforce-rtx-5060-8g-gaming-trio-oc-2568\/"},"modified":"2026-04-15T23:19:35","modified_gmt":"2026-04-16T02:19:35","slug":"vga-msi-geforce-rtx-5060-8g-gaming-trio-oc-2568","status":"publish","type":"product","link":"https:\/\/saltacom.com\/index.php\/producto\/vga-msi-geforce-rtx-5060-8g-gaming-trio-oc-2568\/","title":{"rendered":"VGA MSI GeForce RTX 5060 8G GAMING TRIO OC (2568)"},"content":{"rendered":"<p>Intr\u00e9pido y audaz, GAMING TRIO ofrece un rendimiento excepcional tanto para juegos como para la creaci\u00f3n de contenido. Combina un dise\u00f1o imponente con tecnolog\u00edas de refrigeraci\u00f3n avanzadas, lo que lo convierte en un aliado inquebrantable en el campo de batalla. GAMING TRIO es la opci\u00f3n ideal para los jugadores que se esfuerzan al m\u00e1ximo.<br \/>\nM\u00e1s informaci\u00f3n:\u00a0RTX 5060 8G GAMING TRIO OC<\/p>\n","protected":false},"excerpt":{"rendered":"<p>Intr\u00e9pido y audaz, GAMING TRIO ofrece un rendimiento excepcional tanto para juegos como para la creaci\u00f3n de contenido. Combina un dise\u00f1o imponente con tecnolog\u00edas de refrigeraci\u00f3n avanzadas, lo que lo convierte en\u2026<\/p>\n","protected":false},"featured_media":35529,"template":"","meta":[],"product_brand":[],"product_cat":[126,130],"product_tag":[],"class_list":{"0":"post-35528","1":"product","2":"type-product","3":"status-publish","4":"has-post-thumbnail","6":"product_cat-placa-de-video","7":"product_cat-pv","9":"first","10":"instock","11":"shipping-taxable","12":"purchasable","13":"product-type-simple"},"_links":{"self":[{"href":"https:\/\/saltacom.com\/index.php\/wp-json\/wp\/v2\/product\/35528","targetHints":{"allow":["GET"]}}],"collection":[{"href":"https:\/\/saltacom.com\/index.php\/wp-json\/wp\/v2\/product"}],"about":[{"href":"https:\/\/saltacom.com\/index.php\/wp-json\/wp\/v2\/types\/product"}],"version-history":[{"count":1,"href":"https:\/\/saltacom.com\/index.php\/wp-json\/wp\/v2\/product\/35528\/revisions"}],"predecessor-version":[{"id":35562,"href":"https:\/\/saltacom.com\/index.php\/wp-json\/wp\/v2\/product\/35528\/revisions\/35562"}],"wp:featuredmedia":[{"embeddable":true,"href":"https:\/\/saltacom.com\/index.php\/wp-json\/wp\/v2\/media\/35529"}],"wp:attachment":[{"href":"https:\/\/saltacom.com\/index.php\/wp-json\/wp\/v2\/media?parent=35528"}],"wp:term":[{"taxonomy":"product_brand","embeddable":true,"href":"https:\/\/saltacom.com\/index.php\/wp-json\/wp\/v2\/product_brand?post=35528"},{"taxonomy":"product_cat","embeddable":true,"href":"https:\/\/saltacom.com\/index.php\/wp-json\/wp\/v2\/product_cat?post=35528"},{"taxonomy":"product_tag","embeddable":true,"href":"https:\/\/saltacom.com\/index.php\/wp-json\/wp\/v2\/product_tag?post=35528"}],"curies":[{"name":"wp","href":"https:\/\/api.w.org\/{rel}","templated":true}]}}