{"id":35536,"date":"2026-04-15T08:54:29","date_gmt":"2026-04-15T11:54:29","guid":{"rendered":"https:\/\/saltacom.com\/index.php\/producto\/mother-msi-pro-b850m-p-wifi-ddr5-am5-serie-7000-8000-9000-0181\/"},"modified":"2026-04-20T11:19:45","modified_gmt":"2026-04-20T14:19:45","slug":"mother-msi-pro-b850m-p-wifi-ddr5-am5-serie-7000-8000-9000-0181","status":"publish","type":"product","link":"https:\/\/saltacom.com\/index.php\/producto\/mother-msi-pro-b850m-p-wifi-ddr5-am5-serie-7000-8000-9000-0181\/","title":{"rendered":"Mother MSI PRO B850M-P WIFI DDR5 AM5 (Serie 7000\/8000\/9000) (0181)"},"content":{"rendered":"<p>La PRO B850M-P WIFI ofrece un dise\u00f1o sencillo con una armoniosa paleta de colores plateados que combina a la perfecci\u00f3n con PCs blancas y negras. Est\u00e1 dise\u00f1ada con numerosas caracter\u00edsticas exclusivas de MSI, como Wi-Fi 7 con antena EZ, LAN 5G, PCIe 5.0 M.2 con EZ M.2 Shield Frozr II y alimentaci\u00f3n PCIe adicional, compatible con los procesadores AMD Ryzen&trade; serie 9000.<br \/>\nM\u00e1s informaci\u00f3n:\u00a0PRO B850M-P WIFI<\/p>\n","protected":false},"excerpt":{"rendered":"<p>La PRO B850M-P WIFI ofrece un dise\u00f1o sencillo con una armoniosa paleta de colores plateados que combina a la perfecci\u00f3n con PCs blancas y negras. Est\u00e1 dise\u00f1ada con numerosas caracter\u00edsticas exclusivas de\u2026<\/p>\n","protected":false},"featured_media":35537,"template":"","meta":[],"product_brand":[],"product_cat":[130],"product_tag":[],"class_list":{"0":"post-35536","1":"product","2":"type-product","3":"status-publish","4":"has-post-thumbnail","6":"product_cat-pv","8":"first","9":"instock","10":"shipping-taxable","11":"purchasable","12":"product-type-simple"},"_links":{"self":[{"href":"https:\/\/saltacom.com\/index.php\/wp-json\/wp\/v2\/product\/35536","targetHints":{"allow":["GET"]}}],"collection":[{"href":"https:\/\/saltacom.com\/index.php\/wp-json\/wp\/v2\/product"}],"about":[{"href":"https:\/\/saltacom.com\/index.php\/wp-json\/wp\/v2\/types\/product"}],"version-history":[{"count":1,"href":"https:\/\/saltacom.com\/index.php\/wp-json\/wp\/v2\/product\/35536\/revisions"}],"predecessor-version":[{"id":35566,"href":"https:\/\/saltacom.com\/index.php\/wp-json\/wp\/v2\/product\/35536\/revisions\/35566"}],"wp:featuredmedia":[{"embeddable":true,"href":"https:\/\/saltacom.com\/index.php\/wp-json\/wp\/v2\/media\/35537"}],"wp:attachment":[{"href":"https:\/\/saltacom.com\/index.php\/wp-json\/wp\/v2\/media?parent=35536"}],"wp:term":[{"taxonomy":"product_brand","embeddable":true,"href":"https:\/\/saltacom.com\/index.php\/wp-json\/wp\/v2\/product_brand?post=35536"},{"taxonomy":"product_cat","embeddable":true,"href":"https:\/\/saltacom.com\/index.php\/wp-json\/wp\/v2\/product_cat?post=35536"},{"taxonomy":"product_tag","embeddable":true,"href":"https:\/\/saltacom.com\/index.php\/wp-json\/wp\/v2\/product_tag?post=35536"}],"curies":[{"name":"wp","href":"https:\/\/api.w.org\/{rel}","templated":true}]}}