{"id":35538,"date":"2026-04-15T08:54:31","date_gmt":"2026-04-15T11:54:31","guid":{"rendered":"https:\/\/saltacom.com\/index.php\/producto\/vga-msi-geforce-rtx-5060-ti-8g-gaming-trio-oc-white-1400\/"},"modified":"2026-04-20T13:19:57","modified_gmt":"2026-04-20T16:19:57","slug":"vga-msi-geforce-rtx-5060-ti-8g-gaming-trio-oc-white-1400","status":"publish","type":"product","link":"https:\/\/saltacom.com\/index.php\/producto\/vga-msi-geforce-rtx-5060-ti-8g-gaming-trio-oc-white-1400\/","title":{"rendered":"VGA MSI GeForce RTX 5060 Ti 8G GAMING TRIO OC WHITE (1400)"},"content":{"rendered":"<p>Desarrollado con la arquitectura NVIDIA Blackwell y DLSS 4<\/p>\n<p>Velocidades de reloj del n\u00facleo: Rendimiento extremo: 2662 MHz (MSI Center). Boost: 2647 MHz<\/p>\n<p>Dise\u00f1o t\u00e9rmico TRI FROZR 4: los ventiladores mejorados, el control del flujo de aire y el dise\u00f1o t\u00e9rmico brindan una refrigeraci\u00f3n superior y un funcionamiento m\u00e1s silencioso.<\/p>\n<p>Ventilador STORMFORCE: siete aspas de ventilador, textura de garra y un arco circular est\u00e1n dise\u00f1ados para un flujo de aire \u00f3ptimo con un ruido m\u00ednimo.<\/p>\n<p>M\u00e1s informaci\u00f3n:\u00a0RTX 5060 Ti 8G GAMING TRIO OC WHITE<\/p>\n","protected":false},"excerpt":{"rendered":"<p>Desarrollado con la arquitectura NVIDIA Blackwell y DLSS 4 Velocidades de reloj del n\u00facleo: Rendimiento extremo: 2662 MHz (MSI Center). Boost: 2647 MHz Dise\u00f1o t\u00e9rmico TRI FROZR 4: los ventiladores mejorados, el\u2026<\/p>\n","protected":false},"featured_media":35539,"template":"","meta":[],"product_brand":[],"product_cat":[126,130],"product_tag":[],"class_list":{"0":"post-35538","1":"product","2":"type-product","3":"status-publish","4":"has-post-thumbnail","6":"product_cat-placa-de-video","7":"product_cat-pv","9":"first","10":"instock","11":"shipping-taxable","12":"purchasable","13":"product-type-simple"},"_links":{"self":[{"href":"https:\/\/saltacom.com\/index.php\/wp-json\/wp\/v2\/product\/35538","targetHints":{"allow":["GET"]}}],"collection":[{"href":"https:\/\/saltacom.com\/index.php\/wp-json\/wp\/v2\/product"}],"about":[{"href":"https:\/\/saltacom.com\/index.php\/wp-json\/wp\/v2\/types\/product"}],"version-history":[{"count":1,"href":"https:\/\/saltacom.com\/index.php\/wp-json\/wp\/v2\/product\/35538\/revisions"}],"predecessor-version":[{"id":35567,"href":"https:\/\/saltacom.com\/index.php\/wp-json\/wp\/v2\/product\/35538\/revisions\/35567"}],"wp:featuredmedia":[{"embeddable":true,"href":"https:\/\/saltacom.com\/index.php\/wp-json\/wp\/v2\/media\/35539"}],"wp:attachment":[{"href":"https:\/\/saltacom.com\/index.php\/wp-json\/wp\/v2\/media?parent=35538"}],"wp:term":[{"taxonomy":"product_brand","embeddable":true,"href":"https:\/\/saltacom.com\/index.php\/wp-json\/wp\/v2\/product_brand?post=35538"},{"taxonomy":"product_cat","embeddable":true,"href":"https:\/\/saltacom.com\/index.php\/wp-json\/wp\/v2\/product_cat?post=35538"},{"taxonomy":"product_tag","embeddable":true,"href":"https:\/\/saltacom.com\/index.php\/wp-json\/wp\/v2\/product_tag?post=35538"}],"curies":[{"name":"wp","href":"https:\/\/api.w.org\/{rel}","templated":true}]}}