{"id":35542,"date":"2026-04-15T08:54:36","date_gmt":"2026-04-15T11:54:36","guid":{"rendered":"https:\/\/saltacom.com\/index.php\/producto\/auricular-jbl-sense-lite-open-sound-negro-3033\/"},"modified":"2026-04-21T05:19:41","modified_gmt":"2026-04-21T08:19:41","slug":"auricular-jbl-sense-lite-open-sound-negro-3033","status":"publish","type":"product","link":"https:\/\/saltacom.com\/index.php\/producto\/auricular-jbl-sense-lite-open-sound-negro-3033\/","title":{"rendered":"AURICULAR JBL SENSE LITE OPEN SOUND NEGRO (3033)"},"content":{"rendered":"<p>Auriculares abiertos True Wireless con tecnolog\u00eda JBL OpenSound y dise\u00f1o de gancho.<br \/>\nM\u00e1s informaci\u00f3n:\u00a0JBLSENSELITEBLKAM<\/p>\n","protected":false},"excerpt":{"rendered":"<p>Auriculares abiertos True Wireless con tecnolog\u00eda JBL OpenSound y dise\u00f1o de gancho. M\u00e1s informaci\u00f3n:\u00a0JBLSENSELITEBLKAM<\/p>\n","protected":false},"featured_media":35543,"template":"","meta":[],"product_brand":[],"product_cat":[81,130],"product_tag":[],"class_list":{"0":"post-35542","1":"product","2":"type-product","3":"status-publish","4":"has-post-thumbnail","6":"product_cat-auricular","7":"product_cat-pv","9":"first","10":"instock","11":"shipping-taxable","12":"purchasable","13":"product-type-simple"},"_links":{"self":[{"href":"https:\/\/saltacom.com\/index.php\/wp-json\/wp\/v2\/product\/35542","targetHints":{"allow":["GET"]}}],"collection":[{"href":"https:\/\/saltacom.com\/index.php\/wp-json\/wp\/v2\/product"}],"about":[{"href":"https:\/\/saltacom.com\/index.php\/wp-json\/wp\/v2\/types\/product"}],"version-history":[{"count":1,"href":"https:\/\/saltacom.com\/index.php\/wp-json\/wp\/v2\/product\/35542\/revisions"}],"predecessor-version":[{"id":35569,"href":"https:\/\/saltacom.com\/index.php\/wp-json\/wp\/v2\/product\/35542\/revisions\/35569"}],"wp:featuredmedia":[{"embeddable":true,"href":"https:\/\/saltacom.com\/index.php\/wp-json\/wp\/v2\/media\/35543"}],"wp:attachment":[{"href":"https:\/\/saltacom.com\/index.php\/wp-json\/wp\/v2\/media?parent=35542"}],"wp:term":[{"taxonomy":"product_brand","embeddable":true,"href":"https:\/\/saltacom.com\/index.php\/wp-json\/wp\/v2\/product_brand?post=35542"},{"taxonomy":"product_cat","embeddable":true,"href":"https:\/\/saltacom.com\/index.php\/wp-json\/wp\/v2\/product_cat?post=35542"},{"taxonomy":"product_tag","embeddable":true,"href":"https:\/\/saltacom.com\/index.php\/wp-json\/wp\/v2\/product_tag?post=35542"}],"curies":[{"name":"wp","href":"https:\/\/api.w.org\/{rel}","templated":true}]}}