{"id":35617,"date":"2026-04-17T01:16:02","date_gmt":"2026-04-17T04:16:02","guid":{"rendered":"https:\/\/saltacom.com\/index.php\/producto\/gpon-tp-link-onu-gb-ax3000-wi-fi-6-db-voip-2ant\/"},"modified":"2026-04-18T01:15:48","modified_gmt":"2026-04-18T04:15:48","slug":"gpon-tp-link-onu-gb-ax3000-wi-fi-6-db-voip-2ant","status":"publish","type":"product","link":"https:\/\/saltacom.com\/index.php\/producto\/gpon-tp-link-onu-gb-ax3000-wi-fi-6-db-voip-2ant\/","title":{"rendered":"GPON TP LINK ONU GB AX3000 WI-FI 6 DB VOIP (2ANT)"},"content":{"rendered":"<p>XX530VAX3000 Wi-Fi 6 GPON VoIP Gateway ONTConectividad: 1 SC\/APC PON Port + 4 puertos Gigabit LAN Ethernet. Compatible con VLAN, Dynamic IP\/Static IP\/PPPoE\/PPTP\/L2TP (Multi-EWAN).Wi-Fi: Wi-Fi 6 AX3000 2402 Mbps (5 GHz) + 574 Mbps (2,4 GHz).Tecnolog\u00eda 802.11ax: Compatible con caracter\u00edsticas como Muti-SSID, TX Beamforming, MU-MIMO, DL\/UL OFDMA, Airtime Fairness, Guest Network y Seguridad WPA\/WPA2-PSK\/WPA3.Mesh: Compatible con el est\u00e1ndar de la Wi-Fi Alliance EasyMesh permite la creaci\u00f3n de una red Mesh con otros dispositivos que cumplan el est\u00e1ndar.VoIP: 1 puerto FXS (RJ11), compatible con cuentas SIP para recibir\/enviar llamadas.Aplicaciones: Funcionalidades de Control Parental, VPN (OpenVPN, IPSec, PPTP, QoS (LAN), DynDns, NO-IP proporcionaran un valor a\u00f1adido a sus clientes.Aplicaci\u00f3n Aginet: Compatible con la APP Aginet, disponible para iOS y Android para proporcionar una mejor experiencia de usuario a sus clientes.F\u00e1cil configuraci\u00f3n: Configure su Router de una manera r\u00e1pida y sencilla con AginetConfig, puede cargar ficheros de configuraci\u00f3n desde nuestra aplicaci\u00f3n o un servidor TFTP y evitar el reset de la configuraci\u00f3n.Gesti\u00f3n Remota: Compatible con los est\u00e1ndares BBF TR-069, TR-098, TR-181, TR-111, TR-143 y TR-369. Admite gesti\u00f3n mediante HTTPS\/SNMP. Compatible con TAUC TR-369 USP.ITU-T G.984\/G.988 GPON: Compatible con los est\u00e1ndares de la Industria. Compatibilidad con gesti\u00f3n OMCI. Compatible con OLTs de Terceros.<\/p>\n","protected":false},"excerpt":{"rendered":"<p><strong>Marca:<\/strong> TP LINK<\/p>\n","protected":false},"featured_media":35618,"template":"","meta":[],"product_brand":[],"product_cat":[155,158],"product_tag":[],"class_list":{"0":"post-35617","1":"product","2":"type-product","3":"status-publish","4":"has-post-thumbnail","6":"product_cat-msn","7":"product_cat-tp-link","9":"first","10":"onbackorder","11":"shipping-taxable","12":"purchasable","13":"product-type-simple"},"_links":{"self":[{"href":"https:\/\/saltacom.com\/index.php\/wp-json\/wp\/v2\/product\/35617","targetHints":{"allow":["GET"]}}],"collection":[{"href":"https:\/\/saltacom.com\/index.php\/wp-json\/wp\/v2\/product"}],"about":[{"href":"https:\/\/saltacom.com\/index.php\/wp-json\/wp\/v2\/types\/product"}],"version-history":[{"count":0,"href":"https:\/\/saltacom.com\/index.php\/wp-json\/wp\/v2\/product\/35617\/revisions"}],"wp:featuredmedia":[{"embeddable":true,"href":"https:\/\/saltacom.com\/index.php\/wp-json\/wp\/v2\/media\/35618"}],"wp:attachment":[{"href":"https:\/\/saltacom.com\/index.php\/wp-json\/wp\/v2\/media?parent=35617"}],"wp:term":[{"taxonomy":"product_brand","embeddable":true,"href":"https:\/\/saltacom.com\/index.php\/wp-json\/wp\/v2\/product_brand?post=35617"},{"taxonomy":"product_cat","embeddable":true,"href":"https:\/\/saltacom.com\/index.php\/wp-json\/wp\/v2\/product_cat?post=35617"},{"taxonomy":"product_tag","embeddable":true,"href":"https:\/\/saltacom.com\/index.php\/wp-json\/wp\/v2\/product_tag?post=35617"}],"curies":[{"name":"wp","href":"https:\/\/api.w.org\/{rel}","templated":true}]}}