{"id":35630,"date":"2026-04-20T11:46:54","date_gmt":"2026-04-20T14:46:54","guid":{"rendered":"https:\/\/saltacom.com\/index.php\/producto\/storage-qnap-nas-8-bay-arm-4core-1-7ghz-4gb-ddr4\/"},"modified":"2026-04-20T11:46:55","modified_gmt":"2026-04-20T14:46:55","slug":"storage-qnap-nas-8-bay-arm-4core-1-7ghz-4gb-ddr4","status":"publish","type":"product","link":"https:\/\/saltacom.com\/index.php\/producto\/storage-qnap-nas-8-bay-arm-4core-1-7ghz-4gb-ddr4\/","title":{"rendered":"STORAGE QNAP NAS 8-BAY ARM 4CORE 1.7GHZ 4GB DDR4"},"content":{"rendered":"<p>NAS de alta capacidad con 10 GbE SFP+ y 2,5 GbE, admite expansi\u00f3n PCIe para SSD M.2 para acelerar las aplicacionesEl TS-832PX de cuatro n\u00facleos a 1,7 GHz cuenta con ocho bah\u00edas para unidades SATA de 6 GB\/s de 3,5 pulgadas, lo que proporciona un enorme potencial de almacenamiento para una amplia gama de aplicaciones y uso diario. Con dos puertos SFP+ de 10 GbE y dos puertos LAN de 2,5 GbE, el TS-832PX es compatible con redes de pr\u00f3xima generaci\u00f3n para potenciar las aplicaciones que exigen ancho de banda y proporcionar acceso y uso compartido de archivos m\u00e1s fluidos. Tambi\u00e9n se admiten varias tarjetas PCIe, incluidas las tarjetas QM2 que brindan almacenamiento en cach\u00e9 M.2 SATA\/NVMe SSD y almacenamiento en niveles autom\u00e1tico Qtier\u2122 para aumentar el rendimiento del NAS.<\/p>\n","protected":false},"excerpt":{"rendered":"<p><strong>Marca:<\/strong> QNAP<\/p>\n","protected":false},"featured_media":35631,"template":"","meta":[],"product_brand":[],"product_cat":[155,173],"product_tag":[],"class_list":{"0":"post-35630","1":"product","2":"type-product","3":"status-publish","4":"has-post-thumbnail","6":"product_cat-msn","7":"product_cat-qnap","9":"first","10":"onbackorder","11":"shipping-taxable","12":"purchasable","13":"product-type-simple"},"_links":{"self":[{"href":"https:\/\/saltacom.com\/index.php\/wp-json\/wp\/v2\/product\/35630","targetHints":{"allow":["GET"]}}],"collection":[{"href":"https:\/\/saltacom.com\/index.php\/wp-json\/wp\/v2\/product"}],"about":[{"href":"https:\/\/saltacom.com\/index.php\/wp-json\/wp\/v2\/types\/product"}],"version-history":[{"count":0,"href":"https:\/\/saltacom.com\/index.php\/wp-json\/wp\/v2\/product\/35630\/revisions"}],"wp:featuredmedia":[{"embeddable":true,"href":"https:\/\/saltacom.com\/index.php\/wp-json\/wp\/v2\/media\/35631"}],"wp:attachment":[{"href":"https:\/\/saltacom.com\/index.php\/wp-json\/wp\/v2\/media?parent=35630"}],"wp:term":[{"taxonomy":"product_brand","embeddable":true,"href":"https:\/\/saltacom.com\/index.php\/wp-json\/wp\/v2\/product_brand?post=35630"},{"taxonomy":"product_cat","embeddable":true,"href":"https:\/\/saltacom.com\/index.php\/wp-json\/wp\/v2\/product_cat?post=35630"},{"taxonomy":"product_tag","embeddable":true,"href":"https:\/\/saltacom.com\/index.php\/wp-json\/wp\/v2\/product_tag?post=35630"}],"curies":[{"name":"wp","href":"https:\/\/api.w.org\/{rel}","templated":true}]}}